{"id":1520,"date":"2025-03-31T17:03:19","date_gmt":"2025-03-31T20:03:19","guid":{"rendered":"https:\/\/isfd147-bue.infd.edu.ar\/sitio\/?page_id=1520"},"modified":"2026-03-31T16:54:52","modified_gmt":"2026-03-31T19:54:52","slug":"becas-progresar","status":"publish","type":"page","link":"https:\/\/isfd147-bue.infd.edu.ar\/sitio\/becas-progresar\/","title":{"rendered":"BECAS PROGRESAR"},"content":{"rendered":"\n<p>PROGRESAR NIVEL SUPERIOR:<\/p>\n\n\n\n<p><strong>La primera convocatoria ser\u00e1 del 27 de marzo al 24 de abril<\/strong>, 2026.<\/p>\n\n\n\n<div class=\"wp-block-columns is-layout-flex wp-container-6\">\n<div class=\"wp-block-column is-layout-flow\" style=\"flex-basis:100%\">\n<div class=\"wp-block-columns is-layout-flex wp-container-2\">\n<div class=\"wp-block-column is-layout-flow\" style=\"flex-basis:100%\"><div class=\"wp-block-image\">\n<figure class=\"aligncenter size-full\"><img decoding=\"async\" loading=\"lazy\" width=\"536\" height=\"401\" src=\"https:\/\/isfd147-bue.infd.edu.ar\/sitio\/wp-content\/uploads\/2026\/03\/becas-1.png\" alt=\"\" class=\"wp-image-1672\"\/><\/figure><\/div><\/div>\n<\/div>\n\n\n\n<figure class=\"wp-block-gallery has-nested-images columns-default is-cropped wp-block-gallery-3 is-layout-flex\">\n<figure class=\"wp-block-image size-large\"><img decoding=\"async\" loading=\"lazy\" width=\"338\" height=\"537\" src=\"https:\/\/isfd147-bue.infd.edu.ar\/sitio\/wp-content\/uploads\/2025\/03\/progresar2.png\" alt=\"\" class=\"wp-image-1525\"\/><\/figure>\n\n\n\n<figure class=\"wp-block-image size-large\"><img decoding=\"async\" loading=\"lazy\" width=\"328\" height=\"466\" src=\"https:\/\/isfd147-bue.infd.edu.ar\/sitio\/wp-content\/uploads\/2025\/03\/progresar3.png\" alt=\"\" class=\"wp-image-1524\"\/><\/figure>\n<\/figure>\n<\/div>\n<\/div>\n\n\n\n<p><\/p>\n\n\n\n<p><\/p>\n\n\n\n<p class=\"has-text-align-center has-medium-font-size\"><a href=\"https:\/\/drive.google.com\/file\/d\/1juETPZpGVuVNdghr8y1KbhpYsaPjpTy-\/view?usp=sharing\">Instructivo de inscripci\u00f3n de la beca PROGRESAR l\u00ednea superior<\/a> (Clickear para descargar)<\/p>\n\n\n\n<p class=\"has-text-align-center has-medium-font-size\"><a href=\"https:\/\/drive.google.com\/file\/d\/1I2FvG_ScWhspeRJSYRrphRlmByqdXlBF\/view?usp=sharing\">Reglamento Obligatorio<\/a><\/p>\n\n\n\n<p class=\"has-text-align-center has-medium-font-size\"><a href=\"https:\/\/drive.google.com\/file\/d\/1z57iwfanv5XCfR2KIteFpQ_DBbH6OQCl\/view?usp=sharing\">Brief Progresar Obligatorio Primera Convocatoria<\/a><\/p>\n","protected":false},"excerpt":{"rendered":"<p>PROGRESAR NIVEL SUPERIOR: La primera convocatoria ser\u00e1 del 27 de marzo al 24 de abril, 2026. Instructivo de inscripci\u00f3n de la beca PROGRESAR l\u00ednea superior (Clickear para descargar) Reglamento Obligatorio Brief Progresar Obligatorio Primera Convocatoria<\/p>\n","protected":false},"author":62,"featured_media":1670,"parent":0,"menu_order":0,"comment_status":"closed","ping_status":"closed","template":"","meta":[],"acf":[],"_links":{"self":[{"href":"https:\/\/isfd147-bue.infd.edu.ar\/sitio\/wp-json\/wp\/v2\/pages\/1520"}],"collection":[{"href":"https:\/\/isfd147-bue.infd.edu.ar\/sitio\/wp-json\/wp\/v2\/pages"}],"about":[{"href":"https:\/\/isfd147-bue.infd.edu.ar\/sitio\/wp-json\/wp\/v2\/types\/page"}],"author":[{"embeddable":true,"href":"https:\/\/isfd147-bue.infd.edu.ar\/sitio\/wp-json\/wp\/v2\/users\/62"}],"replies":[{"embeddable":true,"href":"https:\/\/isfd147-bue.infd.edu.ar\/sitio\/wp-json\/wp\/v2\/comments?post=1520"}],"version-history":[{"count":8,"href":"https:\/\/isfd147-bue.infd.edu.ar\/sitio\/wp-json\/wp\/v2\/pages\/1520\/revisions"}],"predecessor-version":[{"id":1673,"href":"https:\/\/isfd147-bue.infd.edu.ar\/sitio\/wp-json\/wp\/v2\/pages\/1520\/revisions\/1673"}],"wp:featuredmedia":[{"embeddable":true,"href":"https:\/\/isfd147-bue.infd.edu.ar\/sitio\/wp-json\/wp\/v2\/media\/1670"}],"wp:attachment":[{"href":"https:\/\/isfd147-bue.infd.edu.ar\/sitio\/wp-json\/wp\/v2\/media?parent=1520"}],"curies":[{"name":"wp","href":"https:\/\/api.w.org\/{rel}","templated":true}]}}