{"id":772,"date":"2018-08-29T20:05:40","date_gmt":"2018-08-29T23:05:40","guid":{"rendered":"https:\/\/isfd147-bue.infd.edu.ar\/sitio\/horarios\/"},"modified":"2026-03-06T14:45:32","modified_gmt":"2026-03-06T17:45:32","slug":"horarios","status":"publish","type":"page","link":"https:\/\/isfd147-bue.infd.edu.ar\/sitio\/horarios\/","title":{"rendered":"Horarios"},"content":{"rendered":"<h5>Horarios del Profesorado de Educaci\u00f3n Primaria:<\/h5>\n<p><a href=\"https:\/\/isfd147-bue.infd.edu.ar\/sitio\/wp-content\/uploads\/2025\/03\/HORARIO-1o-PRIMARIA-2025.pdf\"><strong>1\u00ba a\u00f1o<\/strong><\/a><\/p>\n<p><strong><a href=\"https:\/\/isfd147-bue.infd.edu.ar\/sitio\/wp-content\/uploads\/2025\/03\/HORARIO-2o-PRIMARIA-2025.pdf\">2\u00ba a\u00f1o<\/a><\/strong><\/p>\n<p><strong><a href=\"https:\/\/isfd147-bue.infd.edu.ar\/sitio\/wp-content\/uploads\/2025\/03\/HORARIO-3o-PRIMARIA-2025.pdf\">3\u00ba a\u00f1o<\/a><\/strong><\/p>\n<p><strong><a href=\"https:\/\/isfd147-bue.infd.edu.ar\/sitio\/wp-content\/uploads\/2025\/03\/HORARIO-4o-PRIMARIA-2025.pdf\">4\u00ba a\u00f1o<\/a><\/strong><\/p>\n<h5>Horarios del Profesorado de Educaci\u00f3n Especial:<\/h5>\n<p><strong><a href=\"https:\/\/isfd147-bue.infd.edu.ar\/sitio\/wp-content\/uploads\/2022\/02\/4to.-PFES.pdf\">4\u00b0 a\u00f1o &#8211; orientaci\u00f3n Sordos e Hipoac\u00fasicos<\/a><\/strong><\/p>\n<h5>Horarios del Profesorado de Ingl\u00e9s<\/h5>\n<h6><a href=\"https:\/\/isfd147-bue.infd.edu.ar\/sitio\/wp-content\/uploads\/2026\/03\/1ro-ingles-2026.pdf\">1er. a\u00f1o<\/a><\/h6>\n<h6><a href=\"https:\/\/isfd147-bue.infd.edu.ar\/sitio\/wp-content\/uploads\/2026\/03\/2do-ingles-2026.pdf\">2do a\u00f1o<\/a><\/h6>\n<h6><a href=\"https:\/\/isfd147-bue.infd.edu.ar\/sitio\/wp-content\/uploads\/2026\/03\/3ro-ingles-2026.pdf\">3er. a\u00f1o<\/a><\/h6>\n<h6><a href=\"https:\/\/isfd147-bue.infd.edu.ar\/sitio\/wp-content\/uploads\/2026\/03\/4to-ingles-2026.pdf\">4to. a\u00f1o<\/a><\/h6>\n<h5>Horarios de Tecnicatura Superior en Higiene y Seguridad en el trabajo<\/h5>\n<p><strong><a href=\"https:\/\/isfd147-bue.infd.edu.ar\/sitio\/wp-content\/uploads\/2024\/02\/horarios-seguridad-2024-1o.pdf\">1\u00b0 a\u00f1o<\/a><\/strong><\/p>\n<p><a href=\"https:\/\/isfd147-bue.infd.edu.ar\/sitio\/wp-content\/uploads\/2024\/02\/horarios-seguridad-2024-2o.pdf\"><strong>2\u00ba a\u00f1o<\/strong><\/a><\/p>\n<p><strong><a href=\"https:\/\/isfd147-bue.infd.edu.ar\/sitio\/wp-content\/uploads\/2024\/02\/horarios-seguridad-2024-3o.pdf\">3\u00ba a\u00f1o<\/a> <\/strong><\/p>\n<h5>Horarios de Tecnicatura Superior en Administraci\u00f3n de Recursos Humanos<\/h5>\n<p><a href=\"https:\/\/isfd147-bue.infd.edu.ar\/sitio\/wp-content\/uploads\/2026\/03\/1ro-RRHH-2026.pdf\">1\u00ba a\u00f1o<\/a><\/p>\n<p><a href=\"https:\/\/isfd147-bue.infd.edu.ar\/sitio\/wp-content\/uploads\/2026\/03\/2do-RRHH-2026.pdf\">2\u00ba a\u00f1o<\/a><\/p>\n<p><a href=\"https:\/\/isfd147-bue.infd.edu.ar\/sitio\/wp-content\/uploads\/2026\/03\/3ro-RRHH-2026.pdf\">3\u00ba a\u00f1o<\/a><\/p>\n<h5><strong>Tecnicatura Superior en Tecnolog\u00eda en Salud con especialidad en Radiolog\u00eda<\/strong><\/h5>\n<p><a href=\"https:\/\/isfd147-bue.infd.edu.ar\/sitio\/wp-content\/uploads\/2026\/03\/TECRA-2026.pdf\">3er. a\u00f1o<\/a><\/p>\n<h5><strong>Profesorado en Ciencia Pol\u00edtica<\/strong><\/h5>\n<p><a href=\"https:\/\/isfd147-bue.infd.edu.ar\/sitio\/wp-content\/uploads\/2026\/03\/1ro-PCPOL.pdf\">1er. a\u00f1o<\/a><\/p>\n<p><a href=\"https:\/\/isfd147-bue.infd.edu.ar\/sitio\/wp-content\/uploads\/2026\/03\/2-do-PCPOL.pdf\">2do. a\u00f1o<\/a><\/p>\n<h5><strong>Profesorado en Filosof\u00eda<\/strong><\/h5>\n<p>1er. a\u00f1o<\/p>\n","protected":false},"excerpt":{"rendered":"<p>Horarios del Profesorado de Educaci\u00f3n Primaria: 1\u00ba a\u00f1o 2\u00ba a\u00f1o 3\u00ba a\u00f1o 4\u00ba a\u00f1o Horarios del Profesorado de Educaci\u00f3n Especial: 4\u00b0 a\u00f1o &#8211; orientaci\u00f3n Sordos e Hipoac\u00fasicos Horarios del Profesorado de Ingl\u00e9s 1er. a\u00f1o 2do a\u00f1o 3er. a\u00f1o 4to. a\u00f1o Horarios de Tecnicatura Superior en Higiene y Seguridad en el trabajo 1\u00b0 a\u00f1o 2\u00ba a\u00f1o &#8230; <a title=\"Horarios\" class=\"read-more\" href=\"https:\/\/isfd147-bue.infd.edu.ar\/sitio\/horarios\/\" aria-label=\"More on Horarios\">[+]<\/a><\/p>\n","protected":false},"author":61,"featured_media":0,"parent":0,"menu_order":0,"comment_status":"closed","ping_status":"closed","template":"","meta":[],"acf":[],"_links":{"self":[{"href":"https:\/\/isfd147-bue.infd.edu.ar\/sitio\/wp-json\/wp\/v2\/pages\/772"}],"collection":[{"href":"https:\/\/isfd147-bue.infd.edu.ar\/sitio\/wp-json\/wp\/v2\/pages"}],"about":[{"href":"https:\/\/isfd147-bue.infd.edu.ar\/sitio\/wp-json\/wp\/v2\/types\/page"}],"author":[{"embeddable":true,"href":"https:\/\/isfd147-bue.infd.edu.ar\/sitio\/wp-json\/wp\/v2\/users\/61"}],"replies":[{"embeddable":true,"href":"https:\/\/isfd147-bue.infd.edu.ar\/sitio\/wp-json\/wp\/v2\/comments?post=772"}],"version-history":[{"count":47,"href":"https:\/\/isfd147-bue.infd.edu.ar\/sitio\/wp-json\/wp\/v2\/pages\/772\/revisions"}],"predecessor-version":[{"id":1643,"href":"https:\/\/isfd147-bue.infd.edu.ar\/sitio\/wp-json\/wp\/v2\/pages\/772\/revisions\/1643"}],"wp:attachment":[{"href":"https:\/\/isfd147-bue.infd.edu.ar\/sitio\/wp-json\/wp\/v2\/media?parent=772"}],"curies":[{"name":"wp","href":"https:\/\/api.w.org\/{rel}","templated":true}]}}