{"id":776,"date":"2018-08-29T20:05:42","date_gmt":"2018-08-29T23:05:42","guid":{"rendered":"https:\/\/isfd147-bue.infd.edu.ar\/sitio\/formularios\/"},"modified":"2026-04-10T15:16:57","modified_gmt":"2026-04-10T18:16:57","slug":"formularios","status":"publish","type":"page","link":"https:\/\/isfd147-bue.infd.edu.ar\/sitio\/formularios\/","title":{"rendered":"Formularios"},"content":{"rendered":"<h4 style=\"text-align: right;\"><span style=\"color: #33cccc;\"><em>Clickear sobre la planilla para descargar<\/em><\/span><\/h4>\n<h3><strong><a href=\"https:\/\/isfd147-bue.infd.edu.ar\/sitio\/wp-content\/uploads\/2024\/12\/A1-PLANILLA_DE_INSCRIPCION.docx\">Planilla de Inscripci\u00f3n<\/a><\/strong><\/h3>\n<p><span style=\"font-size: 12pt;\"><em><span style=\"font-family: 'comic sans ms', sans-serif;\">Para inscribirse, adem\u00e1s de la planilla completa, se deber\u00e1 adjuntar fotocopia del DNI, fotocopia del t\u00edtulo de secundario (o constancia de t\u00edtulo en tr\u00e1mite), foto carnet, fotocopia del certificado de nacimiento y certificado de buena salud, en un folio tama\u00f1o oficio.<\/span><\/em><\/span><\/p>\n<hr \/>\n<p><span style=\"text-decoration: underline; color: #008000; font-size: 14pt;\">Solicitud de Equivalencias:<\/span>\u00a0 \u00a0 <strong><em><a href=\"https:\/\/isfd147-bue.infd.edu.ar\/sitio\/wp-content\/uploads\/2021\/03\/Solicitud-de-Equivalencias-1.pdf\">Instrucciones para la Solicitud de Equivalencias<\/a><\/em><\/strong><\/p>\n<h2><a href=\"https:\/\/isfd147-bue.infd.edu.ar\/sitio\/wp-content\/uploads\/2021\/03\/A141.doc\">Planilla Resumen<\/a><\/h2>\n<p><span style=\"font-family: 'comic sans ms', sans-serif; font-size: 12pt;\"><em>\u00a0Se deber\u00e1 adjuntar el programa de la materia cursada, fotocopiado y autenticado, y el anal\u00edtico d\u00f3nde conste la nota obtenida.<\/em><\/span><\/p>\n<hr \/>\n<h2><span style=\"color: #800080;\"><a style=\"color: #800080;\" href=\"https:\/\/isfd147-bue.infd.edu.ar\/sitio\/wp-content\/uploads\/2025\/02\/MATRICULACION-2025-ISFD-147.docx\">MATRICULACION-2025-ISFD-147<\/a><\/span><\/h2>\n<h5><strong><em>Enviar la planilla de Matriculaci\u00f3n al mail: <span style=\"color: #000080;\">preceptoria.147@gmail.com<\/span><\/em><\/strong><\/h5>\n<p><span style=\"text-decoration: underline; color: #993300;\"><strong><span style=\"font-size: 14pt;\">Para los Profesores:<\/span><\/strong><\/span><\/p>\n<p><em><a href=\"https:\/\/isfd147-bue.infd.edu.ar\/sitio\/wp-content\/uploads\/2025\/02\/Declaracion_Jurada_de_Cargos_1-2.xls\">Declaraci\u00f3n Jurada<\/a><\/em><\/p>\n<p><a href=\"https:\/\/isfd147-bue.infd.edu.ar\/sitio\/wp-content\/uploads\/2026\/03\/FORMULARIOS.pdf\">Declaraci\u00f3n Jurada para la Presentaci\u00f3n de Proyectos seg\u00fan Res. 6179\/2025<\/a><\/p>\n<p><em><span style=\"color: #993300;\"><span style=\"font-size: 14pt;\"><a title=\"https:\/\/isfd147-bue.infd.edu.ar\/aula\/archivos\/repositorio\/\/0\/213\/set4-calificacion-anual.pdf\" href=\"https:\/\/isfd147-bue.infd.edu.ar\/aula\/archivos\/repositorio\/\/0\/213\/set4-calificacion-anual.pdf\" target=\"_NEW\" rel=\"noopener\">S.E.T. 4 (Calificaci\u00f3n)<\/a><\/span><\/span><\/em><\/p>\n<p><em><span style=\"color: #993300;\"><span style=\"font-size: 14pt;\">Planillas de licencias:<\/span><\/span><\/em><\/p>\n<p><em><span style=\"color: #993300;\"><span style=\"font-size: 14pt;\"><a title=\"https:\/\/isfd147-bue.infd.edu.ar\/aula\/archivos\/repositorio\/\/0\/222\/Formulario_7_-_Solicitud_de_Licencia_por_Causas_Particulares.pdf\" href=\"https:\/\/isfd147-bue.infd.edu.ar\/aula\/archivos\/repositorio\/\/0\/222\/Formulario_7_-_Solicitud_de_Licencia_por_Causas_Particulares.pdf\" target=\"_NEW\" rel=\"noopener\">Por causas particulares<\/a><\/span><\/span><\/em><\/p>\n<p><em><span style=\"color: #993300;\"><span style=\"font-size: 14pt;\"><a title=\"https:\/\/isfd147-bue.infd.edu.ar\/aula\/archivos\/repositorio\/\/0\/221\/Formulario_6_-_Solicitud_de_Licencia_por_Articulos_114_y_115.pdf\" href=\"https:\/\/isfd147-bue.infd.edu.ar\/aula\/archivos\/repositorio\/\/0\/221\/Formulario_6_-_Solicitud_de_Licencia_por_Articulos_114_y_115.pdf\" target=\"_NEW\" rel=\"noopener\">Por art. 114 y 115<\/a><\/span><\/span><\/em><\/p>\n<p><span style=\"font-size: 12pt; color: #99cc00;\"><em><img decoding=\"async\" loading=\"lazy\" class=\"alignnone wp-image-1461\" src=\"https:\/\/isfd147-bue.infd.edu.ar\/sitio\/wp-content\/uploads\/2024\/12\/senalar.png\" alt=\"\" width=\"45\" height=\"35\" \/>Clickear sobre la planilla para descargar.<\/em><\/span><\/p>\n","protected":false},"excerpt":{"rendered":"<p>Clickear sobre la planilla para descargar Planilla de Inscripci\u00f3n Para inscribirse, adem\u00e1s de la planilla completa, se deber\u00e1 adjuntar fotocopia del DNI, fotocopia del t\u00edtulo de secundario (o constancia de t\u00edtulo en tr\u00e1mite), foto carnet, fotocopia del certificado de nacimiento y certificado de buena salud, en un folio tama\u00f1o oficio. Solicitud de Equivalencias:\u00a0 \u00a0 Instrucciones &#8230; <a title=\"Formularios\" class=\"read-more\" href=\"https:\/\/isfd147-bue.infd.edu.ar\/sitio\/formularios\/\" aria-label=\"More on Formularios\">[+]<\/a><\/p>\n","protected":false},"author":61,"featured_media":0,"parent":0,"menu_order":0,"comment_status":"closed","ping_status":"closed","template":"","meta":[],"acf":[],"_links":{"self":[{"href":"https:\/\/isfd147-bue.infd.edu.ar\/sitio\/wp-json\/wp\/v2\/pages\/776"}],"collection":[{"href":"https:\/\/isfd147-bue.infd.edu.ar\/sitio\/wp-json\/wp\/v2\/pages"}],"about":[{"href":"https:\/\/isfd147-bue.infd.edu.ar\/sitio\/wp-json\/wp\/v2\/types\/page"}],"author":[{"embeddable":true,"href":"https:\/\/isfd147-bue.infd.edu.ar\/sitio\/wp-json\/wp\/v2\/users\/61"}],"replies":[{"embeddable":true,"href":"https:\/\/isfd147-bue.infd.edu.ar\/sitio\/wp-json\/wp\/v2\/comments?post=776"}],"version-history":[{"count":17,"href":"https:\/\/isfd147-bue.infd.edu.ar\/sitio\/wp-json\/wp\/v2\/pages\/776\/revisions"}],"predecessor-version":[{"id":1675,"href":"https:\/\/isfd147-bue.infd.edu.ar\/sitio\/wp-json\/wp\/v2\/pages\/776\/revisions\/1675"}],"wp:attachment":[{"href":"https:\/\/isfd147-bue.infd.edu.ar\/sitio\/wp-json\/wp\/v2\/media?parent=776"}],"curies":[{"name":"wp","href":"https:\/\/api.w.org\/{rel}","templated":true}]}}