{"id":782,"date":"2018-08-29T20:05:45","date_gmt":"2018-08-29T23:05:45","guid":{"rendered":"https:\/\/isfd147-bue.infd.edu.ar\/sitio\/normativas\/"},"modified":"2026-04-13T17:08:17","modified_gmt":"2026-04-13T20:08:17","slug":"normativas","status":"publish","type":"page","link":"https:\/\/isfd147-bue.infd.edu.ar\/sitio\/normativas\/","title":{"rendered":"Normativas"},"content":{"rendered":"<p><a href=\"https:\/\/isfd147-bue.infd.edu.ar\/sitio\/wp-content\/uploads\/2025\/07\/REGIMEN-ACADEMICO-MARCO-RES.4196-24.pdf\">REGIMEN ACAD\u00c9MICO MARCO &#8211; RES.4196-24<\/a><\/p>\n<p><a href=\"https:\/\/drive.google.com\/drive\/folders\/1y3vSe6rxjLmWY-oOmd-uVksvocJaMQQS?usp=sharing\">Salida educativa &#8211; Resoluci\u00f3n y anexos<\/a><\/p>\n<p><a href=\"https:\/\/isfd147-bue.infd.edu.ar\/sitio\/wp-content\/uploads\/2025\/07\/ANEXO-3-CONSIDERACION-DE-ASPECTOS-PROCEDIMENTALES-PPC.pdf\">ANEXO 3 &#8211; CONSIDERACI\u00d3N DE ASPECTOS PROCEDIMENTALES &#8211; PPC<\/a><\/p>\n<p><a href=\"https:\/\/isfd147-bue.infd.edu.ar\/sitio\/wp-content\/uploads\/2026\/03\/RESOLUCION-6179-25.pdf\">RESOLUCION 6179-25 (Reemplazo de la Res. 5886\/03)<\/a><\/p>\n<p><a href=\"https:\/\/isfd147-bue.infd.edu.ar\/sitio\/wp-content\/uploads\/2026\/03\/FORMULARIOS.pdf\">FORMULARIOS<\/a> para presentar con la Propuesta Pedag\u00f3gica<\/p>\n<p><a href=\"https:\/\/isfd147-bue.infd.edu.ar\/sitio\/wp-content\/uploads\/2025\/07\/2023-ESI-en-la-Formacion-Docente.pdf\">2023-ESI-en-la-Formacion-Docente<\/a><\/p>\n<p><a href=\"https:\/\/isfd147-bue.infd.edu.ar\/sitio\/wp-content\/uploads\/2025\/07\/2023-Formacion-Docente-y-Cultura-digital.pdf\">2023-Formacion-Docente-y-Cultura-digital<\/a><\/p>\n<p><a href=\"https:\/\/isfd147-bue.infd.edu.ar\/sitio\/wp-content\/uploads\/2025\/07\/RESOC-2024-2076-GDEBA-DGCYE-y-Anexos-Tramo-Pedago\u0301gico-1.pdf\">RESOC-2024-2076-GDEBA-DGCYE y Anexos &#8211; Tramo Pedago\u0301gico (1)<\/a><\/p>\n<p><a href=\"https:\/\/isfd147-bue.infd.edu.ar\/sitio\/wp-content\/uploads\/2026\/03\/requisitos-de-la-propuesta.pdf\">Instructivo confecci\u00f3n Propuesta Pedag\u00f3gica<\/a><\/p>\n<p><a href=\"https:\/\/isfd147-bue.infd.edu.ar\/sitio\/wp-content\/uploads\/2025\/07\/Resolucion_4044-09_CAI.pdf\">Resolucion_4044-09_CAI<\/a><\/p>\n<p><a href=\"https:\/\/isfd147-bue.infd.edu.ar\/sitio\/wp-content\/uploads\/2020\/03\/ACUERDO-INSTITUCIONAL-DE-CONVIVENCIA.pdf\">ACUERDO INSTITUCIONAL DE CONVIVENCIA<\/a><\/p>\n<p><a href=\"https:\/\/isfd147-bue.infd.edu.ar\/sitio\/wp-content\/uploads\/2020\/03\/regl-de-evaluacion-institucional.pdf\">Reglamento de Evaluaci\u00f3n Institucional 2017<\/a><\/p>\n<p><a href=\"https:\/\/isfd147-bue.infd.edu.ar\/sitio\/wp-content\/uploads\/2026\/03\/REGLAMENTO-DE-PRACTICA-2026.pdf\">REGLAMENTO DE PRACTICAS DOCENTES 2026<\/a><\/p>\n<p><span style=\"color: #0000ff;\"><strong><a style=\"color: #0000ff;\" href=\"https:\/\/drive.google.com\/drive\/folders\/1jJVzXjoC6rq9DUETZ7Q44KzflfJrJXgH?usp=sharing\">DISE\u00d1OS CURRICULARES<\/a><\/strong><\/span><\/p>\n","protected":false},"excerpt":{"rendered":"<p>REGIMEN ACAD\u00c9MICO MARCO &#8211; RES.4196-24 Salida educativa &#8211; Resoluci\u00f3n y anexos ANEXO 3 &#8211; CONSIDERACI\u00d3N DE ASPECTOS PROCEDIMENTALES &#8211; PPC RESOLUCION 6179-25 (Reemplazo de la Res. 5886\/03) FORMULARIOS para presentar con la Propuesta Pedag\u00f3gica 2023-ESI-en-la-Formacion-Docente 2023-Formacion-Docente-y-Cultura-digital RESOC-2024-2076-GDEBA-DGCYE y Anexos &#8211; Tramo Pedago\u0301gico (1) Instructivo confecci\u00f3n Propuesta Pedag\u00f3gica Resolucion_4044-09_CAI ACUERDO INSTITUCIONAL DE CONVIVENCIA Reglamento de Evaluaci\u00f3n &#8230; <a title=\"Normativas\" class=\"read-more\" href=\"https:\/\/isfd147-bue.infd.edu.ar\/sitio\/normativas\/\" aria-label=\"More on Normativas\">[+]<\/a><\/p>\n","protected":false},"author":61,"featured_media":0,"parent":0,"menu_order":0,"comment_status":"closed","ping_status":"closed","template":"","meta":[],"acf":[],"_links":{"self":[{"href":"https:\/\/isfd147-bue.infd.edu.ar\/sitio\/wp-json\/wp\/v2\/pages\/782"}],"collection":[{"href":"https:\/\/isfd147-bue.infd.edu.ar\/sitio\/wp-json\/wp\/v2\/pages"}],"about":[{"href":"https:\/\/isfd147-bue.infd.edu.ar\/sitio\/wp-json\/wp\/v2\/types\/page"}],"author":[{"embeddable":true,"href":"https:\/\/isfd147-bue.infd.edu.ar\/sitio\/wp-json\/wp\/v2\/users\/61"}],"replies":[{"embeddable":true,"href":"https:\/\/isfd147-bue.infd.edu.ar\/sitio\/wp-json\/wp\/v2\/comments?post=782"}],"version-history":[{"count":9,"href":"https:\/\/isfd147-bue.infd.edu.ar\/sitio\/wp-json\/wp\/v2\/pages\/782\/revisions"}],"predecessor-version":[{"id":1678,"href":"https:\/\/isfd147-bue.infd.edu.ar\/sitio\/wp-json\/wp\/v2\/pages\/782\/revisions\/1678"}],"wp:attachment":[{"href":"https:\/\/isfd147-bue.infd.edu.ar\/sitio\/wp-json\/wp\/v2\/media?parent=782"}],"curies":[{"name":"wp","href":"https:\/\/api.w.org\/{rel}","templated":true}]}}