{"id":784,"date":"2018-08-29T20:05:46","date_gmt":"2018-08-29T23:05:46","guid":{"rendered":"https:\/\/isfd147-bue.infd.edu.ar\/sitio\/disenos-curriculares\/"},"modified":"2025-07-17T22:03:35","modified_gmt":"2025-07-18T01:03:35","slug":"disenos-curriculares","status":"publish","type":"page","link":"https:\/\/isfd147-bue.infd.edu.ar\/sitio\/disenos-correlativas\/disenos-curriculares\/","title":{"rendered":"Dise\u00f1os Curriculares"},"content":{"rendered":"<p><span style=\"font-size: 14pt;\">En el Instituto Superior de Formaci\u00f3n Docente N\u00ba 147 se pueden cursar las siguientes carreras:<\/span><\/p>\n<p><span style=\"font-size: 14pt;\"><strong>Profesorados:<\/strong><\/span><\/p>\n<ul>\n<li style=\"list-style-type: none;\">\n<ul>\n<li><strong><a href=\"https:\/\/isfd147-bue.infd.edu.ar\/sitio\/wp-content\/uploads\/2025\/07\/dcurricular-PEP.pdf\">Profesorado de Educaci\u00f3n Primaria<\/a><\/strong><\/li>\n<li><strong><a href=\"https:\/\/isfd147-bue.infd.edu.ar\/sitio\/wp-content\/uploads\/2025\/07\/Diseno-Curricular-Profesorado-de-Educacion-Secundaria-en-Ingles.pdf\">Profesorado de Ingl\u00e9s<\/a><\/strong><\/li>\n<li><strong><a href=\"https:\/\/drive.google.com\/file\/d\/1cUO1TAdDGXvfxgAPQA5XqkH6BJ1iHrz3\/view?usp=sharing\">Profesorado en Ciencia Pol\u00edtica<\/a><\/strong><\/li>\n<li><strong><a href=\"https:\/\/isfd147-bue.infd.edu.ar\/sitio\/wp-content\/uploads\/2025\/07\/TS-en-Higiene-y-Seguridad-en-el-trabajo-Res.-320_13.pdf\">TS en Higiene y Seguridad en el trabajo &#8211; Res. 320_13<\/a><\/strong><\/li>\n<li><a href=\"https:\/\/isfd147-bue.infd.edu.ar\/sitio\/wp-content\/uploads\/2025\/07\/admrecursoshumanos_res276_03.pdf\">TS en Administraci\u00f3n de Recursos Humanos &#8211; Res.276\/03<\/a><\/li>\n<li><strong><a href=\"https:\/\/drive.google.com\/file\/d\/1RaiW-AvAaZ9z0Tci-qq4nNbrKsY9wjhj\/view?usp=sharing\">TS en Administraci\u00f3n de Recursos Humanos &#8211; Res.5311\/24<\/a><\/strong><\/li>\n<li><a href=\"https:\/\/drive.google.com\/file\/d\/1CUbAsj-JI2JWR-FI5KpfQTdmJ_KiPn0W\/view?usp=sharing\"><strong>Tecnicatura Superior en Tecnolog\u00eda en Salud con especializaci\u00f3n en Radiolog\u00eda<\/strong><\/a><\/li>\n<li><strong><a href=\"https:\/\/isfd147-bue.infd.edu.ar\/sitio\/wp-content\/uploads\/2025\/07\/RESOC-2024-2076-GDEBA-DGCYE-y-Anexos-Tramo-Pedago\u0301gico-1-1.pdf\">Tramo de Formaci\u00f3n Pedag\u00f3gica &#8211; Res. 2076\/2024<\/a><\/strong><\/li>\n<\/ul>\n<\/li>\n<\/ul>\n<p><span style=\"background-color: #ffcc00;\"><strong><span style=\"font-size: 18pt; font-family: georgia, palatino, serif;\"><em>Otros Dise\u00f1os para tener en cuenta:<\/em><\/span><\/strong><\/span><\/p>\n<ul>\n<li><span style=\"font-family: georgia, palatino, serif; font-size: 14pt; color: #000000;\"><em><strong><a style=\"color: #000000;\" title=\"https:\/\/isfd147-bue.infd.edu.ar\/aula\/archivos\/repositorio\/\/250\/293\/Diseno_Curricular_PBA-completo_3.pdf\" href=\"https:\/\/isfd147-bue.infd.edu.ar\/aula\/archivos\/repositorio\/\/250\/293\/Diseno_Curricular_PBA-completo_3.pdf\" target=\"_NEW\" rel=\"noopener\">Educaci\u00f3n Primaria<\/a><\/strong><\/em><\/span><\/li>\n<\/ul>\n<ul>\n<li><span style=\"font-family: georgia, palatino, serif; font-size: 14pt; color: #000000;\"><em><strong><a style=\"color: #000000;\" title=\"https:\/\/isfd147-bue.infd.edu.ar\/aula\/archivos\/repositorio\/\/250\/294\/disen_o_curricular_y_transversalidad_de_contenidos_esi_12018.pdf\" href=\"https:\/\/isfd147-bue.infd.edu.ar\/aula\/archivos\/repositorio\/\/250\/294\/disen_o_curricular_y_transversalidad_de_contenidos_esi_12018.pdf\" target=\"_NEW\" rel=\"noopener\">Transversalidad de contenidos ESI<\/a><\/strong><\/em><\/span><\/li>\n<\/ul>\n","protected":false},"excerpt":{"rendered":"<p>En el Instituto Superior de Formaci\u00f3n Docente N\u00ba 147 se pueden cursar las siguientes carreras: Profesorados: Profesorado de Educaci\u00f3n Primaria Profesorado de Ingl\u00e9s Profesorado en Ciencia Pol\u00edtica TS en Higiene y Seguridad en el trabajo &#8211; Res. 320_13 TS en Administraci\u00f3n de Recursos Humanos &#8211; Res.276\/03 TS en Administraci\u00f3n de Recursos Humanos &#8211; Res.5311\/24 Tecnicatura &#8230; <a title=\"Dise\u00f1os Curriculares\" class=\"read-more\" href=\"https:\/\/isfd147-bue.infd.edu.ar\/sitio\/disenos-correlativas\/disenos-curriculares\/\" aria-label=\"More on Dise\u00f1os Curriculares\">[+]<\/a><\/p>\n","protected":false},"author":62,"featured_media":0,"parent":775,"menu_order":1,"comment_status":"closed","ping_status":"closed","template":"","meta":[],"acf":[],"_links":{"self":[{"href":"https:\/\/isfd147-bue.infd.edu.ar\/sitio\/wp-json\/wp\/v2\/pages\/784"}],"collection":[{"href":"https:\/\/isfd147-bue.infd.edu.ar\/sitio\/wp-json\/wp\/v2\/pages"}],"about":[{"href":"https:\/\/isfd147-bue.infd.edu.ar\/sitio\/wp-json\/wp\/v2\/types\/page"}],"author":[{"embeddable":true,"href":"https:\/\/isfd147-bue.infd.edu.ar\/sitio\/wp-json\/wp\/v2\/users\/62"}],"replies":[{"embeddable":true,"href":"https:\/\/isfd147-bue.infd.edu.ar\/sitio\/wp-json\/wp\/v2\/comments?post=784"}],"version-history":[{"count":11,"href":"https:\/\/isfd147-bue.infd.edu.ar\/sitio\/wp-json\/wp\/v2\/pages\/784\/revisions"}],"predecessor-version":[{"id":1581,"href":"https:\/\/isfd147-bue.infd.edu.ar\/sitio\/wp-json\/wp\/v2\/pages\/784\/revisions\/1581"}],"up":[{"embeddable":true,"href":"https:\/\/isfd147-bue.infd.edu.ar\/sitio\/wp-json\/wp\/v2\/pages\/775"}],"wp:attachment":[{"href":"https:\/\/isfd147-bue.infd.edu.ar\/sitio\/wp-json\/wp\/v2\/media?parent=784"}],"curies":[{"name":"wp","href":"https:\/\/api.w.org\/{rel}","templated":true}]}}