{"id":789,"date":"2018-08-29T20:05:48","date_gmt":"2018-08-29T23:05:48","guid":{"rendered":"https:\/\/isfd147-bue.infd.edu.ar\/sitio\/datos-institucionales\/"},"modified":"2019-03-12T15:18:26","modified_gmt":"2019-03-12T18:18:26","slug":"datos-institucionales","status":"publish","type":"page","link":"https:\/\/isfd147-bue.infd.edu.ar\/sitio\/datos-institucionales\/","title":{"rendered":"Datos institucionales"},"content":{"rendered":"<ul>\n<li class=\"Texto_arial\"><span style=\"font-size: 14pt; font-family: arial, helvetica, sans-serif;\">Instituto Superior de Formaci\u00f3n Docente y T\u00e9cnica N\u00ba 147<\/span>\n<ul>\n<li class=\"Texto_arial\"><span style=\"font-size: 14pt; font-family: arial, helvetica, sans-serif;\">Horario de atenci\u00f3n: <em>14 a 21 hs.<\/em><\/span><\/li>\n<\/ul>\n<ul>\n<li class=\"Texto_arial\"><span style=\"font-size: 14pt; font-family: arial, helvetica, sans-serif;\">Horario de cursadas: <em>13 a 23 horas<\/em><\/span><\/li>\n<\/ul>\n<ul>\n<li class=\"Texto_arial\"><span style=\"font-size: 14pt; font-family: arial, helvetica, sans-serif;\">Direcci\u00f3n: <em>Hern\u00e1ndez 250<\/em><\/span><\/li>\n<\/ul>\n<ul>\n<li class=\"Texto_arial\"><span style=\"font-size: 14pt; font-family: arial, helvetica, sans-serif;\">Tel\u00e9fono: <em>02396-473030<\/em><\/span><\/li>\n<\/ul>\n<ul>\n<li class=\"Texto_arial\"><span style=\"font-size: 14pt; font-family: arial, helvetica, sans-serif;\">E-mail: <em>isfd.0147@gmail.com<\/em><\/span><\/li>\n<\/ul>\n<ul>\n<li class=\"Texto_arial\"><span style=\"font-size: 14pt; font-family: arial, helvetica, sans-serif;\">Facebook: <em>institutosuperior.escuelanormal <\/em><\/span><\/li>\n<li class=\"Texto_arial\"><span style=\"font-size: 14pt; font-family: arial, helvetica, sans-serif;\"><em>Instagram:\u00a0instituto_superior_147<\/em><\/span><\/li>\n<\/ul>\n<\/li>\n<\/ul>\n","protected":false},"excerpt":{"rendered":"<p>Instituto Superior de Formaci\u00f3n Docente y T\u00e9cnica N\u00ba 147 Horario de atenci\u00f3n: 14 a 21 hs. Horario de cursadas: 13 a 23 horas Direcci\u00f3n: Hern\u00e1ndez 250 Tel\u00e9fono: 02396-473030 E-mail: isfd.0147@gmail.com Facebook: institutosuperior.escuelanormal Instagram:\u00a0instituto_superior_147<\/p>\n","protected":false},"author":61,"featured_media":0,"parent":0,"menu_order":0,"comment_status":"closed","ping_status":"closed","template":"","meta":[],"acf":[],"_links":{"self":[{"href":"https:\/\/isfd147-bue.infd.edu.ar\/sitio\/wp-json\/wp\/v2\/pages\/789"}],"collection":[{"href":"https:\/\/isfd147-bue.infd.edu.ar\/sitio\/wp-json\/wp\/v2\/pages"}],"about":[{"href":"https:\/\/isfd147-bue.infd.edu.ar\/sitio\/wp-json\/wp\/v2\/types\/page"}],"author":[{"embeddable":true,"href":"https:\/\/isfd147-bue.infd.edu.ar\/sitio\/wp-json\/wp\/v2\/users\/61"}],"replies":[{"embeddable":true,"href":"https:\/\/isfd147-bue.infd.edu.ar\/sitio\/wp-json\/wp\/v2\/comments?post=789"}],"version-history":[{"count":2,"href":"https:\/\/isfd147-bue.infd.edu.ar\/sitio\/wp-json\/wp\/v2\/pages\/789\/revisions"}],"predecessor-version":[{"id":816,"href":"https:\/\/isfd147-bue.infd.edu.ar\/sitio\/wp-json\/wp\/v2\/pages\/789\/revisions\/816"}],"wp:attachment":[{"href":"https:\/\/isfd147-bue.infd.edu.ar\/sitio\/wp-json\/wp\/v2\/media?parent=789"}],"curies":[{"name":"wp","href":"https:\/\/api.w.org\/{rel}","templated":true}]}}